{"id":97,"date":"2025-05-01T23:20:09","date_gmt":"2025-05-02T05:20:09","guid":{"rendered":"https:\/\/fertipel.com\/?page_id=97"},"modified":"2025-08-24T21:46:01","modified_gmt":"2025-08-25T03:46:01","slug":"__trashed-4__trashed","status":"publish","type":"page","link":"https:\/\/fertipel.com\/en\/__trashed-4__trashed\/","title":{"rendered":"CNPK 8-3-17-4"},"content":{"rendered":"<div class=\"wp-block-cover alignfull wp-duotone-unset-1\" style=\"margin-top:0;margin-bottom:0;padding-top:var(--wp--preset--spacing--20);padding-right:var(--wp--preset--spacing--40);padding-bottom:var(--wp--preset--spacing--20);padding-left:var(--wp--preset--spacing--40);min-height:465px;aspect-ratio:unset;\"><img data-recalc-dims=\"1\" loading=\"lazy\" decoding=\"async\" width=\"1280\" height=\"720\" data-attachment-id=\"261\" data-permalink=\"https:\/\/fertipel.com\/en\/__trashed-4\/siembra-de-banano-fertipel-pellets\/\" data-orig-file=\"https:\/\/i0.wp.com\/fertipel.com\/wp-content\/uploads\/2025\/05\/siembra-de-banano-fertipel-pellets.jpeg?fit=1280%2C720&amp;ssl=1\" data-orig-size=\"1280,720\" data-comments-opened=\"1\" data-image-meta=\"{&quot;aperture&quot;:&quot;0&quot;,&quot;credit&quot;:&quot;&quot;,&quot;camera&quot;:&quot;&quot;,&quot;caption&quot;:&quot;&quot;,&quot;created_timestamp&quot;:&quot;0&quot;,&quot;copyright&quot;:&quot;&quot;,&quot;focal_length&quot;:&quot;0&quot;,&quot;iso&quot;:&quot;0&quot;,&quot;shutter_speed&quot;:&quot;0&quot;,&quot;title&quot;:&quot;&quot;,&quot;orientation&quot;:&quot;0&quot;}\" data-image-title=\"siembra-de-banano-fertipel-pellets\" data-image-description=\"\" data-image-caption=\"&lt;p&gt;cuatro&lt;\/p&gt;\" data-large-file=\"https:\/\/i0.wp.com\/fertipel.com\/wp-content\/uploads\/2025\/05\/siembra-de-banano-fertipel-pellets.jpeg?fit=1024%2C576&amp;ssl=1\" class=\"wp-block-cover__image-background wp-image-261 size-large\" alt=\"\" src=\"https:\/\/i0.wp.com\/fertipel.com\/wp-content\/uploads\/2025\/05\/siembra-de-banano-fertipel-pellets.jpeg?resize=1280%2C720&#038;ssl=1\" data-object-fit=\"cover\" \/><span aria-hidden=\"true\" class=\"wp-block-cover__background has-theme-1-background-color has-background-dim-30 has-background-dim\"><\/span><div class=\"wp-block-cover__inner-container is-layout-flow wp-block-cover-is-layout-flow\">\n<div style=\"height:var(--wp--preset--spacing--50)\" aria-hidden=\"true\" class=\"wp-block-spacer\"><\/div>\n<\/div><\/div>\n\n\n\n<div class=\"wp-block-group alignfull is-content-justification-center is-layout-constrained wp-container-core-group-is-layout-3540f3db wp-block-group-is-layout-constrained\" style=\"margin-top:0;margin-bottom:0;padding-top:calc( 0.5 * var(--wp--style--root--padding-right, var(--wp--custom--gap--horizontal)));padding-right:var(--wp--style--root--padding-right, var(--wp--custom--gap--horizontal));padding-bottom:calc( 0.5 * var(--wp--style--root--padding-right, var(--wp--custom--gap--horizontal)));padding-left:var(--wp--style--root--padding-left, var(--wp--custom--gap--horizontal))\">\n<div style=\"height:var(--wp--preset--spacing--20)\" aria-hidden=\"true\" class=\"wp-block-spacer\"><\/div>\n\n\n\n<div style=\"height:0px\" aria-hidden=\"true\" class=\"wp-block-spacer\"><\/div>\n\n\n\n<h3 class=\"wp-block-heading has-text-align-center\">CNPK 8-3-17-4MgO<\/h3>\n\n\n\n<p class=\"has-normal-font-size wp-block-paragraph\">A pelletized organo-mineral fertilizer based on animal and vegetable origin, enriched with mineral fertilizers to enhance the formulation.<br>Free of insects and pathogens through a process of sanitization and pasteurization.<br>In addition to the main fertilizing elements such as nitrogen, phosphorus and potassium, it contains a high percentage of organic material, as well as important trace elements such as Fe, Mn, B, Mo, Zn and Cu.<\/p>\n\n\n\n<div style=\"height:23px\" aria-hidden=\"true\" class=\"wp-block-spacer\"><\/div>\n\n\n\n<figure class=\"wp-block-image size-full has-custom-border is-style-default\"><img data-recalc-dims=\"1\" loading=\"lazy\" decoding=\"async\" width=\"810\" height=\"274\" data-attachment-id=\"410\" data-permalink=\"https:\/\/fertipel.com\/en\/__trashed-4__trashed\/8-3-17\/\" data-orig-file=\"https:\/\/i0.wp.com\/fertipel.com\/wp-content\/uploads\/2025\/08\/8-3-17.png?fit=810%2C274&amp;ssl=1\" data-orig-size=\"810,274\" data-comments-opened=\"1\" data-image-meta=\"{&quot;aperture&quot;:&quot;0&quot;,&quot;credit&quot;:&quot;&quot;,&quot;camera&quot;:&quot;&quot;,&quot;caption&quot;:&quot;&quot;,&quot;created_timestamp&quot;:&quot;0&quot;,&quot;copyright&quot;:&quot;&quot;,&quot;focal_length&quot;:&quot;0&quot;,&quot;iso&quot;:&quot;0&quot;,&quot;shutter_speed&quot;:&quot;0&quot;,&quot;title&quot;:&quot;&quot;,&quot;orientation&quot;:&quot;0&quot;}\" data-image-title=\"8-3-17\" data-image-description=\"\" data-image-caption=\"\" data-large-file=\"https:\/\/i0.wp.com\/fertipel.com\/wp-content\/uploads\/2025\/08\/8-3-17.png?fit=810%2C274&amp;ssl=1\" src=\"https:\/\/i0.wp.com\/fertipel.com\/wp-content\/uploads\/2025\/08\/8-3-17.png?resize=810%2C274&#038;ssl=1\" alt=\"\" class=\"wp-image-410\" style=\"border-radius:0px\" \/><\/figure>\n\n\n\n<div style=\"height:26px\" aria-hidden=\"true\" class=\"wp-block-spacer\"><\/div>\n\n\n\n<figure class=\"wp-block-image aligncenter size-full is-resized wp-container-content-cef90cc2\"><img data-recalc-dims=\"1\" loading=\"lazy\" decoding=\"async\" width=\"250\" height=\"225\" data-attachment-id=\"193\" data-permalink=\"https:\/\/fertipel.com\/en\/__trashed-4__trashed\/pellets-img\/\" data-orig-file=\"https:\/\/i0.wp.com\/fertipel.com\/wp-content\/uploads\/2025\/05\/pellets-img.png?fit=250%2C225&amp;ssl=1\" data-orig-size=\"250,225\" data-comments-opened=\"1\" data-image-meta=\"{&quot;aperture&quot;:&quot;0&quot;,&quot;credit&quot;:&quot;&quot;,&quot;camera&quot;:&quot;&quot;,&quot;caption&quot;:&quot;&quot;,&quot;created_timestamp&quot;:&quot;0&quot;,&quot;copyright&quot;:&quot;&quot;,&quot;focal_length&quot;:&quot;0&quot;,&quot;iso&quot;:&quot;0&quot;,&quot;shutter_speed&quot;:&quot;0&quot;,&quot;title&quot;:&quot;&quot;,&quot;orientation&quot;:&quot;0&quot;}\" data-image-title=\"Pellets-img\" data-image-description=\"\" data-image-caption=\"\" data-large-file=\"https:\/\/i0.wp.com\/fertipel.com\/wp-content\/uploads\/2025\/05\/pellets-img.png?fit=250%2C225&amp;ssl=1\" src=\"https:\/\/i0.wp.com\/fertipel.com\/wp-content\/uploads\/2025\/05\/pellets-img.png?resize=250%2C225&#038;ssl=1\" alt=\"\" class=\"wp-image-193\" style=\"aspect-ratio:1;object-fit:cover;width:283px;height:auto\" \/><figcaption class=\"wp-element-caption\"><strong>4 to 8mm cylindrical pellets<\/strong><\/figcaption><\/figure>\n\n\n\n<h3 class=\"wp-block-heading has-text-align-center\">Benefits:<\/h3>\n\n\n\n<ul class=\"wp-block-list\">\n<li class=\"has-poppins-font-family has-small-font-size\">Free of pathogens or weed seeds<\/li>\n\n\n\n<li>High-quality product due to industrial process according to EC 1069\/2009 standard<\/li>\n\n\n\n<li>High organic matter content<\/li>\n\n\n\n<li>Reduces chemical load and promotes soil regeneration<\/li>\n\n\n\n<li>Controlled release of nutrients<\/li>\n\n\n\n<li>Easy and long-lasting storage<\/li>\n\n\n\n<li>Product traceability<\/li>\n\n\n\n<li>Enriched with beneficial microorganisms<\/li>\n\n\n\n<li>Enriched with minerals and humic acids<\/li>\n<\/ul>\n<\/div>\n\n\n\n<div style=\"height:0px\" aria-hidden=\"true\" class=\"wp-block-spacer\"><\/div>\n\n\n\n<div style=\"height:var(--wp--preset--spacing--20)\" aria-hidden=\"true\" class=\"wp-block-spacer\"><\/div>\n\n\n<a href=\"https:\/\/wa.me\/50686519070?text=Hola,%20me%20interesan%20sus%20productos\" target=\"_blank\" style=\"position:fixed;bottom:20px;right:20px;background:#25D366;color:white;padding:12px 15px;border-radius:50px;z-index:9999;text-decoration:none;font-family:Arial\">\n   <img decoding=\"async\" src=\"https:\/\/upload.wikimedia.org\/wikipedia\/commons\/6\/6b\/WhatsApp.svg\" width=\"20\" style=\"vertical-align:middle\"> \n   WhatsApp\n<\/a>\n\n\n<div class=\"wp-block-file aligncenter\"><a id=\"wp-block-file--media-d36dbeec-d911-43a6-9b81-d7a2c21b9227\" href=\"https:\/\/fertipel.com\/wp-content\/uploads\/2025\/08\/cnpk-8-3-17-4mgo.pdf\">CNPK 8-3-17-4MgO<\/a><a href=\"https:\/\/fertipel.com\/wp-content\/uploads\/2025\/08\/cnpk-8-3-17-4mgo.pdf\" class=\"wp-block-file__button wp-element-button\" download aria-describedby=\"wp-block-file--media-d36dbeec-d911-43a6-9b81-d7a2c21b9227\">Download<\/a><\/div>","protected":false},"excerpt":{"rendered":"<p>CNPK 8-3-17-4MgO Un fertilizante organo-mineral pelletizado a base de origen animal y vegetal, enriquecido con fertilizantes minerales para potencializar la formulaci\u00f3n.Libre de insectos y pathogenos atrav\u00e9s de proceso de higienizaci\u00f3n y pasteurizaci\u00f3n.Adem\u00e1s de los principales elementos fertilizantes como nitr\u00f3geno, f\u00f3sforo y potasio, contiene un elevado porcentaje de material org\u00e1nico, as\u00ed como importantes oligoelementos como Fe, [&hellip;]<\/p>\n","protected":false},"author":265488524,"featured_media":0,"parent":0,"menu_order":0,"comment_status":"closed","ping_status":"closed","template":"header-footer-only","meta":{"_crdt_document":"","advanced_seo_description":"","jetpack_seo_html_title":"","jetpack_seo_noindex":false,"footnotes":""},"class_list":["post-97","page","type-page","status-publish","hentry"],"jetpack_likes_enabled":true,"jetpack_sharing_enabled":true,"jetpack_shortlink":"https:\/\/wp.me\/PgvT3e-1z","jetpack-related-posts":[],"_links":{"self":[{"href":"https:\/\/fertipel.com\/en\/wp-json\/wp\/v2\/pages\/97","targetHints":{"allow":["GET"]}}],"collection":[{"href":"https:\/\/fertipel.com\/en\/wp-json\/wp\/v2\/pages"}],"about":[{"href":"https:\/\/fertipel.com\/en\/wp-json\/wp\/v2\/types\/page"}],"author":[{"embeddable":true,"href":"https:\/\/fertipel.com\/en\/wp-json\/wp\/v2\/users\/265488524"}],"replies":[{"embeddable":true,"href":"https:\/\/fertipel.com\/en\/wp-json\/wp\/v2\/comments?post=97"}],"version-history":[{"count":25,"href":"https:\/\/fertipel.com\/en\/wp-json\/wp\/v2\/pages\/97\/revisions"}],"predecessor-version":[{"id":470,"href":"https:\/\/fertipel.com\/en\/wp-json\/wp\/v2\/pages\/97\/revisions\/470"}],"wp:attachment":[{"href":"https:\/\/fertipel.com\/en\/wp-json\/wp\/v2\/media?parent=97"}],"curies":[{"name":"wp","href":"https:\/\/api.w.org\/{rel}","templated":true}]}}