{"id":427,"date":"2025-08-24T03:06:35","date_gmt":"2025-08-24T09:06:35","guid":{"rendered":"https:\/\/fertipel.com\/?page_id=427"},"modified":"2025-08-24T21:37:45","modified_gmt":"2025-08-25T03:37:45","slug":"fertilizacion-sostenible","status":"publish","type":"page","link":"https:\/\/fertipel.com\/en\/fertilizacion-sostenible\/","title":{"rendered":"Sustainable Fertilization"},"content":{"rendered":"<div class=\"wp-block-cover alignfull is-light wp-duotone-unset-1\" style=\"margin-top:0;margin-bottom:0;padding-top:var(--wp--preset--spacing--20);padding-right:var(--wp--preset--spacing--40);padding-bottom:var(--wp--preset--spacing--20);padding-left:var(--wp--preset--spacing--40);min-height:465px;aspect-ratio:unset;\"><img data-recalc-dims=\"1\" loading=\"lazy\" decoding=\"async\" width=\"3000\" height=\"2000\" data-attachment-id=\"10\" data-permalink=\"https:\/\/fertipel.com\/en\/diseno-sin-titulo-53-1\/\" data-orig-file=\"https:\/\/i0.wp.com\/fertipel.com\/wp-content\/uploads\/2025\/04\/diseno-sin-titulo-53-1.png?fit=3000%2C2000&amp;ssl=1\" data-orig-size=\"3000,2000\" data-comments-opened=\"1\" data-image-meta=\"{&quot;aperture&quot;:&quot;0&quot;,&quot;credit&quot;:&quot;&quot;,&quot;camera&quot;:&quot;&quot;,&quot;caption&quot;:&quot;&quot;,&quot;created_timestamp&quot;:&quot;0&quot;,&quot;copyright&quot;:&quot;&quot;,&quot;focal_length&quot;:&quot;0&quot;,&quot;iso&quot;:&quot;0&quot;,&quot;shutter_speed&quot;:&quot;0&quot;,&quot;title&quot;:&quot;&quot;,&quot;orientation&quot;:&quot;0&quot;}\" data-image-title=\"diseno-sin-titulo-53-1\" data-image-description=\"\" data-image-caption=\"\" data-large-file=\"https:\/\/i0.wp.com\/fertipel.com\/wp-content\/uploads\/2025\/04\/diseno-sin-titulo-53-1.png?fit=1024%2C683&amp;ssl=1\" class=\"wp-block-cover__image-background wp-image-10 size-large\" alt=\"\" src=\"https:\/\/i0.wp.com\/fertipel.com\/wp-content\/uploads\/2025\/04\/diseno-sin-titulo-53-1.png?resize=3000%2C2000&#038;ssl=1\" data-object-fit=\"cover\" \/><span aria-hidden=\"true\" class=\"wp-block-cover__background has-theme-1-background-color has-background-dim-0 has-background-dim\"><\/span><div class=\"wp-block-cover__inner-container is-layout-flow wp-block-cover-is-layout-flow\">\n<div style=\"height:var(--wp--preset--spacing--50)\" aria-hidden=\"true\" class=\"wp-block-spacer\"><\/div>\n<\/div><\/div>\n\n\n\n<h2 class=\"wp-block-heading has-text-align-center\">Sustainable Fertilization<\/h2>\n\n\n\n<div style=\"height:13px\" aria-hidden=\"true\" class=\"wp-block-spacer\"><\/div>\n\n\n\n<h4 class=\"wp-block-heading\">Organo-mineral fertilization: a strategy for more fertile and sustainable soils<\/h4>\n\n\n\n<p class=\"wp-block-paragraph\">The use of organo-mineral fertilizers in agriculture is not new. It has been proven for decades, both in research and in daily practice in the field, that these products provide significant benefits for productivity and soil health.<\/p>\n\n\n\n<p class=\"wp-block-paragraph\">Today, its relevance is even greater due to two key factors:<\/p>\n\n\n\n<ul class=\"wp-block-list\">\n<li><strong>Soil depletion<\/strong> caused by the intensive use of the land and the loss of its natural structure.<\/li>\n\n\n\n<li><strong>External dependence on raw materials<\/strong> to manufacture mineral fertilizers, a situation that has been affected by geopolitical tensions, sanctions and trade restrictions.<\/li>\n<\/ul>\n\n\n\n<div style=\"height:19px\" aria-hidden=\"true\" class=\"wp-block-spacer\"><\/div>\n\n\n\n<div class=\"wp-block-group alignfull is-style-default is-content-justification-center is-layout-constrained wp-container-core-group-is-layout-3c8210b7 wp-block-group-is-layout-constrained\" style=\"margin-top:0;margin-bottom:0;padding-top:var(--wp--preset--spacing--50);padding-bottom:var(--wp--preset--spacing--50)\">\n<div class=\"wp-block-columns alignwide is-layout-flex wp-container-core-columns-is-layout-9baa9b4c wp-block-columns-is-layout-flex\">\n<div class=\"wp-block-column is-vertically-aligned-bottom is-layout-flow wp-block-column-is-layout-flow\">\n<figure class=\"wp-block-image alignright size-full is-resized\"><img data-recalc-dims=\"1\" loading=\"lazy\" decoding=\"async\" width=\"500\" height=\"500\" data-attachment-id=\"455\" data-permalink=\"https:\/\/fertipel.com\/en\/fertilizacion-sostenible\/diseno-sin-titulo-5-2\/\" data-orig-file=\"https:\/\/i0.wp.com\/fertipel.com\/wp-content\/uploads\/2025\/08\/diseno-sin-titulo-5.png?fit=500%2C500&amp;ssl=1\" data-orig-size=\"500,500\" data-comments-opened=\"1\" data-image-meta=\"{&quot;aperture&quot;:&quot;0&quot;,&quot;credit&quot;:&quot;&quot;,&quot;camera&quot;:&quot;&quot;,&quot;caption&quot;:&quot;&quot;,&quot;created_timestamp&quot;:&quot;0&quot;,&quot;copyright&quot;:&quot;&quot;,&quot;focal_length&quot;:&quot;0&quot;,&quot;iso&quot;:&quot;0&quot;,&quot;shutter_speed&quot;:&quot;0&quot;,&quot;title&quot;:&quot;&quot;,&quot;orientation&quot;:&quot;0&quot;}\" data-image-title=\"Dise\u00f1o sin t\u00edtulo (5)\" data-image-description=\"\" data-image-caption=\"\" data-large-file=\"https:\/\/i0.wp.com\/fertipel.com\/wp-content\/uploads\/2025\/08\/diseno-sin-titulo-5.png?fit=500%2C500&amp;ssl=1\" src=\"https:\/\/i0.wp.com\/fertipel.com\/wp-content\/uploads\/2025\/08\/diseno-sin-titulo-5.png?resize=500%2C500&#038;ssl=1\" alt=\"\" class=\"wp-image-455\" style=\"aspect-ratio:1;object-fit:cover;width:401px;height:auto\" \/><\/figure>\n<\/div>\n\n\n\n<div class=\"wp-block-column is-vertically-aligned-center is-content-justification-left is-layout-constrained wp-container-core-column-is-layout-f338573b wp-block-column-is-layout-constrained\">\n<h3 class=\"wp-block-heading has-large-font-size\"><strong>The importance of organic matter<\/strong><\/h3>\n\n\n\n<p class=\"wp-block-paragraph\">Organic matter is indispensable to maintain a fertile and structured soil. It allows adequate air and water circulation and is a natural source of nutrients such as nitrogen, phosphorus and sulfur. When soil lacks organic matter and suffers compaction due to the use of heavy machinery, it loses its ability to regenerate and the biodiversity that sustains fertility is reduced.<br><br>Decades of exclusively mineral fertilization have caused fatigue in cultivated soils, accelerating the degradation of organic matter and contributing to the release of CO\u2082 into the atmosphere.<br><\/p>\n<\/div>\n<\/div>\n\n\n\n<div style=\"height:44px\" aria-hidden=\"true\" class=\"wp-block-spacer\"><\/div>\n\n\n\n<h3 class=\"wp-block-heading has-text-align-center wp-container-content-958eb9dc\">Types of fertilizers<\/h3>\n\n\n\n<div class=\"wp-block-group alignwide is-layout-flow wp-block-group-is-layout-flow\" style=\"margin-top:0;margin-bottom:0\">\n<div class=\"wp-block-group alignwide is-layout-flow wp-block-group-is-layout-flow\">\n<div style=\"height:20px\" aria-hidden=\"true\" class=\"wp-block-spacer\"><\/div>\n\n\n\n<div class=\"wp-block-columns alignwide is-layout-flex wp-container-core-columns-is-layout-e092dacf wp-block-columns-is-layout-flex\">\n<div class=\"wp-block-column is-layout-flow wp-container-core-column-is-layout-c8b00b69 wp-block-column-is-layout-flow\">\n<div class=\"wp-block-group is-vertical is-content-justification-center is-nowrap is-layout-flex wp-container-core-group-is-layout-3b9b5178 wp-block-group-is-layout-flex\">\n<figure class=\"wp-block-image size-full wp-duotone-unset-2\"><img data-recalc-dims=\"1\" loading=\"lazy\" decoding=\"async\" width=\"250\" height=\"225\" data-attachment-id=\"432\" data-permalink=\"https:\/\/fertipel.com\/en\/fertilizacion-sostenible\/diseno-sin-titulo-2-2\/\" data-orig-file=\"https:\/\/i0.wp.com\/fertipel.com\/wp-content\/uploads\/2025\/08\/diseno-sin-titulo-2-2.png?fit=250%2C225&amp;ssl=1\" data-orig-size=\"250,225\" data-comments-opened=\"1\" data-image-meta=\"{&quot;aperture&quot;:&quot;0&quot;,&quot;credit&quot;:&quot;&quot;,&quot;camera&quot;:&quot;&quot;,&quot;caption&quot;:&quot;&quot;,&quot;created_timestamp&quot;:&quot;0&quot;,&quot;copyright&quot;:&quot;&quot;,&quot;focal_length&quot;:&quot;0&quot;,&quot;iso&quot;:&quot;0&quot;,&quot;shutter_speed&quot;:&quot;0&quot;,&quot;title&quot;:&quot;&quot;,&quot;orientation&quot;:&quot;0&quot;}\" data-image-title=\"Dise\u00f1o sin t\u00edtulo (2) (2)\" data-image-description=\"\" data-image-caption=\"\" data-large-file=\"https:\/\/i0.wp.com\/fertipel.com\/wp-content\/uploads\/2025\/08\/diseno-sin-titulo-2-2.png?fit=250%2C225&amp;ssl=1\" src=\"https:\/\/i0.wp.com\/fertipel.com\/wp-content\/uploads\/2025\/08\/diseno-sin-titulo-2-2.png?resize=250%2C225&#038;ssl=1\" alt=\"\" class=\"wp-image-432\" style=\"aspect-ratio:4\/3;object-fit:cover\" \/><\/figure>\n\n\n\n<div class=\"wp-block-group is-vertical is-content-justification-center is-nowrap is-layout-flex wp-container-core-group-is-layout-feb30630 wp-block-group-is-layout-flex\">\n<h5 class=\"wp-block-heading is-service-name\">Mineral<\/h5>\n<\/div>\n<\/div>\n<\/div>\n\n\n\n<div class=\"wp-block-column is-layout-flow wp-container-core-column-is-layout-c8b00b69 wp-block-column-is-layout-flow\">\n<div class=\"wp-block-group is-vertical is-content-justification-center is-layout-flex wp-container-core-group-is-layout-faf1bae8 wp-block-group-is-layout-flex\">\n<figure class=\"wp-block-image size-full wp-duotone-unset-3\"><img data-recalc-dims=\"1\" loading=\"lazy\" decoding=\"async\" width=\"250\" height=\"225\" data-attachment-id=\"433\" data-permalink=\"https:\/\/fertipel.com\/en\/fertilizacion-sostenible\/diseno-sin-titulo-3-2\/\" data-orig-file=\"https:\/\/i0.wp.com\/fertipel.com\/wp-content\/uploads\/2025\/08\/diseno-sin-titulo-3-2.png?fit=250%2C225&amp;ssl=1\" data-orig-size=\"250,225\" data-comments-opened=\"1\" data-image-meta=\"{&quot;aperture&quot;:&quot;0&quot;,&quot;credit&quot;:&quot;&quot;,&quot;camera&quot;:&quot;&quot;,&quot;caption&quot;:&quot;&quot;,&quot;created_timestamp&quot;:&quot;0&quot;,&quot;copyright&quot;:&quot;&quot;,&quot;focal_length&quot;:&quot;0&quot;,&quot;iso&quot;:&quot;0&quot;,&quot;shutter_speed&quot;:&quot;0&quot;,&quot;title&quot;:&quot;&quot;,&quot;orientation&quot;:&quot;0&quot;}\" data-image-title=\"Dise\u00f1o sin t\u00edtulo (3) (2)\" data-image-description=\"\" data-image-caption=\"\" data-large-file=\"https:\/\/i0.wp.com\/fertipel.com\/wp-content\/uploads\/2025\/08\/diseno-sin-titulo-3-2.png?fit=250%2C225&amp;ssl=1\" src=\"https:\/\/i0.wp.com\/fertipel.com\/wp-content\/uploads\/2025\/08\/diseno-sin-titulo-3-2.png?resize=250%2C225&#038;ssl=1\" alt=\"\" class=\"wp-image-433\" style=\"aspect-ratio:4\/3;object-fit:cover\" \/><\/figure>\n\n\n\n<div class=\"wp-block-group is-vertical is-content-justification-center is-nowrap is-layout-flex wp-container-core-group-is-layout-feb30630 wp-block-group-is-layout-flex\">\n<h5 class=\"wp-block-heading is-service-name\">Organic<\/h5>\n<\/div>\n<\/div>\n<\/div>\n\n\n\n<div class=\"wp-block-column is-layout-flow wp-container-core-column-is-layout-c8b00b69 wp-block-column-is-layout-flow\">\n<div class=\"wp-block-group is-vertical is-content-justification-center is-layout-flex wp-container-core-group-is-layout-faf1bae8 wp-block-group-is-layout-flex\">\n<figure class=\"wp-block-image size-full wp-duotone-unset-4\"><img data-recalc-dims=\"1\" loading=\"lazy\" decoding=\"async\" width=\"250\" height=\"225\" data-attachment-id=\"193\" data-permalink=\"https:\/\/fertipel.com\/en\/__trashed-4__trashed\/pellets-img\/\" data-orig-file=\"https:\/\/i0.wp.com\/fertipel.com\/wp-content\/uploads\/2025\/05\/pellets-img.png?fit=250%2C225&amp;ssl=1\" data-orig-size=\"250,225\" data-comments-opened=\"1\" data-image-meta=\"{&quot;aperture&quot;:&quot;0&quot;,&quot;credit&quot;:&quot;&quot;,&quot;camera&quot;:&quot;&quot;,&quot;caption&quot;:&quot;&quot;,&quot;created_timestamp&quot;:&quot;0&quot;,&quot;copyright&quot;:&quot;&quot;,&quot;focal_length&quot;:&quot;0&quot;,&quot;iso&quot;:&quot;0&quot;,&quot;shutter_speed&quot;:&quot;0&quot;,&quot;title&quot;:&quot;&quot;,&quot;orientation&quot;:&quot;0&quot;}\" data-image-title=\"Pellets-img\" data-image-description=\"\" data-image-caption=\"\" data-large-file=\"https:\/\/i0.wp.com\/fertipel.com\/wp-content\/uploads\/2025\/05\/pellets-img.png?fit=250%2C225&amp;ssl=1\" src=\"https:\/\/i0.wp.com\/fertipel.com\/wp-content\/uploads\/2025\/05\/pellets-img.png?resize=250%2C225&#038;ssl=1\" alt=\"\" class=\"wp-image-193\" style=\"aspect-ratio:4\/3;object-fit:cover\" \/><\/figure>\n\n\n\n<div class=\"wp-block-group is-vertical is-content-justification-center is-nowrap is-layout-flex wp-container-core-group-is-layout-feb30630 wp-block-group-is-layout-flex\">\n<h5 class=\"wp-block-heading is-service-name\">Organo-mineral<\/h5>\n<\/div>\n<\/div>\n<\/div>\n<\/div>\n<\/div>\n<\/div>\n\n\n\n<div style=\"height:68px\" aria-hidden=\"true\" class=\"wp-block-spacer\"><\/div>\n\n\n\n<h3 class=\"wp-block-heading has-text-align-center\">Advantages of organo-minerals<br><\/h3>\n\n\n\n<div class=\"benefits-list\"> <ul> <li> <span class=\"icon\">\ud83c\udf31<\/span> <strong>Gradual release<\/strong> Nutrients are supplied in a continuous and balanced manner. <\/li> <li> <span class=\"icon\">\ud83d\udca7<\/span> <strong>Lower loss<\/strong> Leaching, evaporation and fixation are reduced. <\/li> <li> <span class=\"icon\">\ud83d\udc1b<\/span> <strong>Live soil<\/strong> Promotes biodiversity and improves soil structure. <\/li> <li> <span class=\"icon\">\ud83d\udcb0<\/span> <strong>More efficient<\/strong> Higher performance with lower environmental and economic impact. <\/li> <\/ul>\n\n\n\n<div style=\"height:36px\" aria-hidden=\"true\" class=\"wp-block-spacer\"><\/div>\n\n\n\n<div class=\"wp-block-columns alignwide is-layout-flex wp-container-core-columns-is-layout-9baa9b4c wp-block-columns-is-layout-flex\">\n<div class=\"wp-block-column is-vertically-aligned-bottom is-layout-flow wp-block-column-is-layout-flow\">\n<figure class=\"wp-block-image alignright size-full is-resized\"><img data-recalc-dims=\"1\" loading=\"lazy\" decoding=\"async\" width=\"500\" height=\"500\" data-attachment-id=\"454\" data-permalink=\"https:\/\/fertipel.com\/en\/fertilizacion-sostenible\/diseno-sin-titulo-4-2\/\" data-orig-file=\"https:\/\/i0.wp.com\/fertipel.com\/wp-content\/uploads\/2025\/08\/diseno-sin-titulo-4.png?fit=500%2C500&amp;ssl=1\" data-orig-size=\"500,500\" data-comments-opened=\"1\" data-image-meta=\"{&quot;aperture&quot;:&quot;0&quot;,&quot;credit&quot;:&quot;&quot;,&quot;camera&quot;:&quot;&quot;,&quot;caption&quot;:&quot;&quot;,&quot;created_timestamp&quot;:&quot;0&quot;,&quot;copyright&quot;:&quot;&quot;,&quot;focal_length&quot;:&quot;0&quot;,&quot;iso&quot;:&quot;0&quot;,&quot;shutter_speed&quot;:&quot;0&quot;,&quot;title&quot;:&quot;&quot;,&quot;orientation&quot;:&quot;0&quot;}\" data-image-title=\"Dise\u00f1o sin t\u00edtulo (4)\" data-image-description=\"\" data-image-caption=\"\" data-large-file=\"https:\/\/i0.wp.com\/fertipel.com\/wp-content\/uploads\/2025\/08\/diseno-sin-titulo-4.png?fit=500%2C500&amp;ssl=1\" src=\"https:\/\/i0.wp.com\/fertipel.com\/wp-content\/uploads\/2025\/08\/diseno-sin-titulo-4.png?resize=500%2C500&#038;ssl=1\" alt=\"\" class=\"wp-image-454\" style=\"aspect-ratio:1;object-fit:cover;width:401px;height:auto\" \/><\/figure>\n<\/div>\n\n\n\n<div class=\"wp-block-column is-vertically-aligned-center is-content-justification-left is-layout-constrained wp-container-core-column-is-layout-f338573b wp-block-column-is-layout-constrained\">\n<h3 class=\"wp-block-heading has-large-font-size\">The organic matrix: the heart of the fertilizer<\/h3>\n\n\n\n<p class=\"wp-block-paragraph\">Not all organic matter has the same effect. It is important to differentiate between the fraction <strong>labile<\/strong> (sugars, proteins and simple compounds), and the <strong>stable<\/strong>known as humus. The latter is rich in humic and fulvic acids, responsible for improving nutrient retention, regulating pH, mitigating the effects of salinity and acting as natural biostimulants.<\/p>\n<\/div>\n<\/div>\n\n\n\n<div style=\"height:68px\" aria-hidden=\"true\" class=\"wp-block-spacer\"><\/div>\n\n\n\n<h3 class=\"wp-block-heading\">New generation fertilizers<\/h3>\n\n\n\n<p class=\"wp-block-paragraph\">Today there are high quality organo-mineral fertilizers, made from carefully fermented organic matrices, with processes that ensure sanitary safety, greater availability of nutrients and rapid dissolution in the soil. There are lines designed for both conventional and organic agriculture, adapted to different crops (vegetables, fruit trees, olive trees, vineyards, etc.).<br>In conclusion, organo-mineral fertilizers are a key tool for a more productive, sustainable and resilient agriculture, while helping to preserve soil fertility for future generations.<\/p>\n\n\n\n<a href=\"https:\/\/wa.me\/50686519070?text=Hola,%20me%20interesan%20sus%20productos\" target=\"_blank\" style=\"position:fixed;bottom:20px;right:20px;background:#25D366;color:white;padding:12px 15px;border-radius:50px;z-index:9999;text-decoration:none;font-family:Arial\">\n   <img decoding=\"async\" src=\"https:\/\/upload.wikimedia.org\/wikipedia\/commons\/6\/6b\/WhatsApp.svg\" width=\"20\" style=\"vertical-align:middle\"> \n   WhatsApp\n<\/a>\n<\/div>","protected":false},"excerpt":{"rendered":"<p>Fertilizaci\u00f3n Sostenible Fertilizaci\u00f3n organomineral: una estrategia para suelos m\u00e1s f\u00e9rtiles y sostenibles El uso de fertilizantes organominerales en la agricultura no es nuevo. Desde hace d\u00e9cadas se ha comprobado, tanto en investigaciones como en la pr\u00e1ctica diaria en el campo, que estos productos aportan beneficios significativos para la productividad y la salud del suelo. Hoy [&hellip;]<\/p>\n","protected":false},"author":265488524,"featured_media":0,"parent":0,"menu_order":0,"comment_status":"closed","ping_status":"closed","template":"header-footer-only","meta":{"_crdt_document":"","advanced_seo_description":"","jetpack_seo_html_title":"","jetpack_seo_noindex":false,"footnotes":""},"class_list":["post-427","page","type-page","status-publish","hentry"],"jetpack_likes_enabled":true,"jetpack_sharing_enabled":true,"jetpack_shortlink":"https:\/\/wp.me\/PgvT3e-6T","jetpack-related-posts":[],"_links":{"self":[{"href":"https:\/\/fertipel.com\/en\/wp-json\/wp\/v2\/pages\/427","targetHints":{"allow":["GET"]}}],"collection":[{"href":"https:\/\/fertipel.com\/en\/wp-json\/wp\/v2\/pages"}],"about":[{"href":"https:\/\/fertipel.com\/en\/wp-json\/wp\/v2\/types\/page"}],"author":[{"embeddable":true,"href":"https:\/\/fertipel.com\/en\/wp-json\/wp\/v2\/users\/265488524"}],"replies":[{"embeddable":true,"href":"https:\/\/fertipel.com\/en\/wp-json\/wp\/v2\/comments?post=427"}],"version-history":[{"count":15,"href":"https:\/\/fertipel.com\/en\/wp-json\/wp\/v2\/pages\/427\/revisions"}],"predecessor-version":[{"id":458,"href":"https:\/\/fertipel.com\/en\/wp-json\/wp\/v2\/pages\/427\/revisions\/458"}],"wp:attachment":[{"href":"https:\/\/fertipel.com\/en\/wp-json\/wp\/v2\/media?parent=427"}],"curies":[{"name":"wp","href":"https:\/\/api.w.org\/{rel}","templated":true}]}}